{"id":1424,"date":"2025-02-20T16:40:52","date_gmt":"2025-02-20T15:40:52","guid":{"rendered":"https:\/\/2025.muellersoehne.com\/contact-us\/"},"modified":"2025-03-14T15:23:22","modified_gmt":"2025-03-14T14:23:22","slug":"contact-us","status":"publish","type":"page","link":"https:\/\/muellersoehne.com\/en\/contact-us\/","title":{"rendered":"Contact us"},"content":{"rendered":"<p>[et_pb_section fb_built=&#8221;1&#8243; admin_label=&#8221;Unternehmen&#8221; _builder_version=&#8221;4.27.4&#8243; _module_preset=&#8221;default&#8221; background_enable_color=&#8221;off&#8221; background_enable_image=&#8221;off&#8221; background_position=&#8221;top_right&#8221; background_blend=&#8221;soft-light&#8221; custom_padding=&#8221;0px|||||&#8221; global_colors_info=&#8221;{}&#8221;][et_pb_row _builder_version=&#8221;4.27.4&#8243; _module_preset=&#8221;default&#8221; background_enable_image=&#8221;off&#8221; custom_padding=&#8221;||0px|||&#8221; global_colors_info=&#8221;{}&#8221;][et_pb_column type=&#8221;4_4&#8243; _builder_version=&#8221;4.27.4&#8243; _module_preset=&#8221;default&#8221; background_enable_color=&#8221;off&#8221; transform_translate_linked=&#8221;off&#8221; custom_padding=&#8221;30px|30px|30px|30px|true|true&#8221; global_colors_info=&#8221;{}&#8221;][et_pb_text _builder_version=&#8221;4.27.4&#8243; _module_preset=&#8221;default&#8221; global_colors_info=&#8221;{}&#8221;]<\/p>\n<h1>Contact us<\/h1>\n<p>[\/et_pb_text][\/et_pb_column][\/et_pb_row][et_pb_row column_structure=&#8221;1_2,1_2&#8243; _builder_version=&#8221;4.27.4&#8243; _module_preset=&#8221;default&#8221; background_enable_image=&#8221;off&#8221; custom_padding=&#8221;2px|||||&#8221; global_colors_info=&#8221;{}&#8221;][et_pb_column type=&#8221;1_2&#8243; _builder_version=&#8221;4.27.4&#8243; _module_preset=&#8221;default&#8221; background_enable_color=&#8221;off&#8221; transform_translate_linked=&#8221;off&#8221; custom_padding=&#8221;30px|30px|30px|30px|true|true&#8221; global_colors_info=&#8221;{}&#8221;][et_pb_text _builder_version=&#8221;4.27.4&#8243; _module_preset=&#8221;default&#8221; hover_enabled=&#8221;0&#8243; global_colors_info=&#8221;{}&#8221; sticky_enabled=&#8221;0&#8243;]<\/p>\n<h2>Germany<\/h2>\n<p><a href=\"https:\/\/www.google.com\/maps\/place\/F.AD.+M%C3%BCller+S%C3%B6hne+GmbH+%26+Co.+KG\/@50.0886981,8.2372926,16z\/data=!3m2!4b1!5s0x47bdbdd7c515d303:0x89b12aec8fec9458!4m6!3m5!1s0x47bdbdd7c59de403:0x16947f24869fc056!8m2!3d50.0886947!4d8.2398675!16s%2Fg%2F1wrtb_07?entry=ttu&amp;g_ep=EgoyMDI1MDIxNy4wIKXMDSoASAFQAw%3D%3D\">F.Ad. M\u00fcller S\u00f6hne GmbH &amp; Co. KG <\/a><br \/><a href=\"https:\/\/www.google.com\/maps\/place\/F.AD.+M%C3%BCller+S%C3%B6hne+GmbH+%26+Co.+KG\/@50.0886981,8.2372926,16z\/data=!3m2!4b1!5s0x47bdbdd7c515d303:0x89b12aec8fec9458!4m6!3m5!1s0x47bdbdd7c59de403:0x16947f24869fc056!8m2!3d50.0886947!4d8.2398675!16s%2Fg%2F1wrtb_07?entry=ttu&amp;g_ep=EgoyMDI1MDIxNy4wIKXMDSoASAFQAw%3D%3D\">Taunusstrasse 44<\/a><br \/><a href=\"https:\/\/www.google.com\/maps\/place\/F.AD.+M%C3%BCller+S%C3%B6hne+GmbH+%26+Co.+KG\/@50.0886981,8.2372926,16z\/data=!3m2!4b1!5s0x47bdbdd7c515d303:0x89b12aec8fec9458!4m6!3m5!1s0x47bdbdd7c59de403:0x16947f24869fc056!8m2!3d50.0886947!4d8.2398675!16s%2Fg%2F1wrtb_07?entry=ttu&amp;g_ep=EgoyMDI1MDIxNy4wIKXMDSoASAFQAw%3D%3D\">65183 Wiesbaden<\/a><br \/><a href=\"https:\/\/www.google.com\/maps\/place\/F.AD.+M%C3%BCller+S%C3%B6hne+GmbH+%26+Co.+KG\/@50.0886981,8.2372926,16z\/data=!3m2!4b1!5s0x47bdbdd7c515d303:0x89b12aec8fec9458!4m6!3m5!1s0x47bdbdd7c59de403:0x16947f24869fc056!8m2!3d50.0886947!4d8.2398675!16s%2Fg%2F1wrtb_07?entry=ttu&amp;g_ep=EgoyMDI1MDIxNy4wIKXMDSoASAFQAw%3D%3D\">Germany<\/a><\/p>\n<p>Phone: +49 611 52 48 64<br \/>Fax: +49 611 52 72 85<\/p>\n<p>Wiesbadener Volksbank<br \/>IBAN: DE 70 5109 0000 0000 4497 09<br \/>BIC (Swift-Code): WIBA DE 5WXXX<\/p>\n<p>Email: <a href=\"javascript:secureDecryptAndNavigate('XPzl3VgQS70XY9fcYyvRL0h9UxkFL2Ftnf7wdj26lEhjPjQmg784F0rlbxPmlpjb\/fWpTRuL5z3xg2+wRz4zmViKac6AObYB1UJvmck=', 'c83287fa1d6fca147efc17fe18e2346ae4e5104169827eb259e06ca9393ca0b6')\">&#105;nf&#111;&#64;&#109;u&#101;&#108;&#108;er&#115;o&#101;h&#110;e.c&#111;m<\/a><br \/>www.muellersoehne.com<\/p>\n<p>&nbsp;<\/p>\n<p>[\/et_pb_text][\/et_pb_column][et_pb_column type=&#8221;1_2&#8243; _builder_version=&#8221;4.27.4&#8243; _module_preset=&#8221;default&#8221; background_enable_color=&#8221;off&#8221; transform_translate_linked=&#8221;off&#8221; custom_padding=&#8221;30px|30px|30px|30px|true|true&#8221; global_colors_info=&#8221;{}&#8221;][et_pb_text _builder_version=&#8221;4.27.4&#8243; _module_preset=&#8221;default&#8221; global_colors_info=&#8221;{}&#8221;]<\/p>\n<h2>Sweden<\/h2>\n<p><a href=\"https:\/\/www.google.com\/maps\/search\/F.Ad.M%C3%BCller+S%C3%B6hne+AB+Lommav%C3%A4gen+532+45+62+Hj%C3%A4rup+Sverge\/@55.6704855,13.1299281,15z\/data=!3m1!4b1?entry=ttu&amp;g_ep=EgoyMDI1MDIxNy4wIKXMDSoASAFQAw%3D%3D\">F.Ad.M\u00fcller Sons AB<\/a><br \/><a href=\"https:\/\/www.google.com\/maps\/search\/F.Ad.M%C3%BCller+S%C3%B6hne+AB+Lommav%C3%A4gen+532+45+62+Hj%C3%A4rup+Sverge\/@55.6704855,13.1299281,15z\/data=!3m1!4b1?entry=ttu&amp;g_ep=EgoyMDI1MDIxNy4wIKXMDSoASAFQAw%3D%3D\">Lommav\u00e4gen 532<\/a><br \/><a href=\"https:\/\/www.google.com\/maps\/search\/F.Ad.M%C3%BCller+S%C3%B6hne+AB+Lommav%C3%A4gen+532+45+62+Hj%C3%A4rup+Sverge\/@55.6704855,13.1299281,15z\/data=!3m1!4b1?entry=ttu&amp;g_ep=EgoyMDI1MDIxNy4wIKXMDSoASAFQAw%3D%3D\">45 62 Hj\u00e4rup<\/a><br \/><a href=\"https:\/\/www.google.com\/maps\/search\/F.Ad.M%C3%BCller+S%C3%B6hne+AB+Lommav%C3%A4gen+532+45+62+Hj%C3%A4rup+Sverge\/@55.6704855,13.1299281,15z\/data=!3m1!4b1?entry=ttu&amp;g_ep=EgoyMDI1MDIxNy4wIKXMDSoASAFQAw%3D%3D\">Sverge<\/a><\/p>\n<p>Phone: +46 46-25 01 32<br \/>Fax: +46 46-25 01 32<\/p>\n<p>Plusgiro 45 09 06-3<br \/>Bankgiro 294-8479<\/p>\n<p>Email: <a href=\"javascript:secureDecryptAndNavigate('rwM99sMiXrE6A3Rg1wVHqx2xODLu+pYEErorxx\/krb6\/tRANi3eARLGWn302Zlam1jxVDnm+m9ME\/bJH2AzsOEFzWWBYaiAWW\/Bq', 'c83287fa1d6fca147efc17fe18e2346ae4e5104169827eb259e06ca9393ca0b6')\">i&#110;f&#111;&#64;mu&#101;lle&#114;s&#111;&#104;n&#101;.&#115;&#101;<\/a><br \/>www.muellersohne.se<\/p>\n<p>[\/et_pb_text][\/et_pb_column][\/et_pb_row][\/et_pb_section]<\/p>\n","protected":false},"excerpt":{"rendered":"<p>Contact usGermany F.Ad. M\u00fcller S\u00f6hne GmbH &amp; Co. KG Taunusstrasse 4465183 WiesbadenGermany Phone: +49 611 52 48 64Fax: +49 611 52 72 85 Wiesbadener VolksbankIBAN: DE 70 5109 0000 0000 4497 09BIC (Swift-Code): WIBA DE 5WXXX Email: <a href=\"javascript:secureDecryptAndNavigate('Est422HTlnWzqI1cLsF\/Yp9QJdS1weDGhKA29McRM1hYl2pSF8v3wNGcyLfHc4EYWvdFPjWWkZezlKBnODUE3A5INHN+psjhhSj6ItRf+ufbL7RodKclt4XHgKIwf8NEwh4=', 'c83287fa1d6fca147efc17fe18e2346ae4e5104169827eb259e06ca9393ca0b6')\">in&#102;&#111;&#64;mu&#101;l&#108;&#101;r&#115;oe&#104;&#110;e.co&#109;www&#46;&#109;uelle&#114;s&#111;ehn&#101;.&#99;om<\/a> &nbsp;Sweden F.Ad.M\u00fcller Sons ABLommav\u00e4gen 53245 62 Hj\u00e4rupSverge Phone: +46 46-25 01 32Fax: +46 46-25 01 32 Plusgiro [&hellip;]<\/p>\n","protected":false},"author":1,"featured_media":0,"parent":0,"menu_order":0,"comment_status":"closed","ping_status":"closed","template":"","meta":{"_et_pb_use_builder":"on","_et_pb_old_content":"","_et_gb_content_width":"","footnotes":""},"class_list":["post-1424","page","type-page","status-publish","hentry"],"_links":{"self":[{"href":"https:\/\/muellersoehne.com\/en\/wp-json\/wp\/v2\/pages\/1424","targetHints":{"allow":["GET"]}}],"collection":[{"href":"https:\/\/muellersoehne.com\/en\/wp-json\/wp\/v2\/pages"}],"about":[{"href":"https:\/\/muellersoehne.com\/en\/wp-json\/wp\/v2\/types\/page"}],"author":[{"embeddable":true,"href":"https:\/\/muellersoehne.com\/en\/wp-json\/wp\/v2\/users\/1"}],"replies":[{"embeddable":true,"href":"https:\/\/muellersoehne.com\/en\/wp-json\/wp\/v2\/comments?post=1424"}],"version-history":[{"count":0,"href":"https:\/\/muellersoehne.com\/en\/wp-json\/wp\/v2\/pages\/1424\/revisions"}],"wp:attachment":[{"href":"https:\/\/muellersoehne.com\/en\/wp-json\/wp\/v2\/media?parent=1424"}],"curies":[{"name":"wp","href":"https:\/\/api.w.org\/{rel}","templated":true}]}}