{"id":1428,"date":"2025-02-20T16:49:39","date_gmt":"2025-02-20T15:49:39","guid":{"rendered":"https:\/\/2025.muellersoehne.com\/imprint\/"},"modified":"2026-03-30T19:28:09","modified_gmt":"2026-03-30T17:28:09","slug":"imprint","status":"publish","type":"page","link":"https:\/\/muellersoehne.com\/en\/imprint\/","title":{"rendered":"Imprint"},"content":{"rendered":"<p>[et_pb_section fb_built=&#8221;1&#8243; admin_label=&#8221;Unternehmen&#8221; _builder_version=&#8221;4.27.4&#8243; _module_preset=&#8221;default&#8221; background_enable_color=&#8221;off&#8221; background_enable_image=&#8221;off&#8221; background_position=&#8221;top_right&#8221; background_blend=&#8221;soft-light&#8221; custom_padding=&#8221;0px|||||&#8221; global_colors_info=&#8221;{}&#8221;][et_pb_row _builder_version=&#8221;4.27.4&#8243; _module_preset=&#8221;default&#8221; background_enable_image=&#8221;off&#8221; custom_padding=&#8221;||0px|||&#8221; global_colors_info=&#8221;{}&#8221;][et_pb_column type=&#8221;4_4&#8243; _builder_version=&#8221;4.27.4&#8243; _module_preset=&#8221;default&#8221; background_enable_color=&#8221;off&#8221; transform_translate_linked=&#8221;off&#8221; custom_padding=&#8221;30px|30px|30px|30px|true|true&#8221; global_colors_info=&#8221;{}&#8221;][et_pb_text _builder_version=&#8221;4.27.4&#8243; _module_preset=&#8221;default&#8221; global_colors_info=&#8221;{}&#8221;]<\/p>\n<h1>Imprint<\/h1>\n<p>[\/et_pb_text][\/et_pb_column][\/et_pb_row][et_pb_row column_structure=&#8221;1_2,1_2&#8243; _builder_version=&#8221;4.27.4&#8243; _module_preset=&#8221;default&#8221; background_enable_image=&#8221;off&#8221; custom_padding=&#8221;2px|||||&#8221; global_colors_info=&#8221;{}&#8221;][et_pb_column type=&#8221;1_2&#8243; _builder_version=&#8221;4.27.4&#8243; _module_preset=&#8221;default&#8221; background_enable_color=&#8221;off&#8221; transform_translate_linked=&#8221;off&#8221; custom_padding=&#8221;30px|30px|30px|30px|true|true&#8221; global_colors_info=&#8221;{}&#8221;][et_pb_text _builder_version=&#8221;4.27.5&#8243; _module_preset=&#8221;default&#8221; hover_enabled=&#8221;0&#8243; global_colors_info=&#8221;{}&#8221; sticky_enabled=&#8221;0&#8243;]<\/p>\n<p><strong>F. Ad. M\u00fcller S\u00f6hne GmbH &amp; Co. KG <\/strong><br \/>Registered office of the company: Wiesbaden<br \/>Local court: HRA 232 \/ HRB 30782<br \/>VAT no.: DE 322201274<br \/>IK no.: 330610495<br \/>Tax no.: 040 233 01516<\/p>\n<p><strong>Shareholder<br \/><\/strong>Ann-Charlotte M\u00fcller-Uri<br \/>Yannick M\u00fcller-Uri<\/p>\n<p><strong>Managing Director<\/strong><br \/>Yannick M\u00fcller-Uri<\/p>\n<p>[\/et_pb_text][\/et_pb_column][et_pb_column type=&#8221;1_2&#8243; _builder_version=&#8221;4.27.4&#8243; _module_preset=&#8221;default&#8221; background_enable_color=&#8221;off&#8221; transform_translate_linked=&#8221;off&#8221; custom_padding=&#8221;30px|30px|30px|30px|true|true&#8221; global_colors_info=&#8221;{}&#8221;][et_pb_text _builder_version=&#8221;4.27.4&#8243; _module_preset=&#8221;default&#8221; global_colors_info=&#8221;{}&#8221;]<\/p>\n<p><strong>Postal address<\/strong><br \/>F. Ad. M\u00fcller S\u00f6hne Gmbh &amp; Co KG<br \/>Taunusstrasse 44<br \/>65183 Wiesbaden<br \/>Germany <\/p>\n<p>Phone: +49 611 52 48 64<br \/>Fax: +49 611 52 72 85<br \/>E-mail contact: <a href=\"javascript:secureDecryptAndNavigate('eZ7SEovUi5clhP3UE1wviphT1CvUuuOWTuMUFEmKt8g4P7N0Hx\/UGNw+IWHZzd4UCqoQR\/uNEQE5Tbyj1ad6\/VIyrJLAKz1nU8EyxKM=', 'c83287fa1d6fca147efc17fe18e2346ae4e5104169827eb259e06ca9393ca0b6')\">&#105;&#110;&#102;o&#64;&#109;&#117;&#101;&#108;&#108;er&#115;o&#101;hn&#101;&#46;c&#111;&#109;<\/a><br \/>Web: www.muellersoehne.com<\/p>\n<p><strong>Source of the imprint design<br \/><\/strong>Created with the imprint generator from https:\/\/www.e-recht24.de.<\/p>\n<p><strong>This website was realized by<br \/><\/strong><a href=\"https:\/\/carvermedia.de\">CarverMedia<\/a><\/p>\n<p>[\/et_pb_text][\/et_pb_column][\/et_pb_row][et_pb_row _builder_version=&#8221;4.27.4&#8243; _module_preset=&#8221;default&#8221; background_enable_image=&#8221;off&#8221; custom_padding=&#8221;2px|||||&#8221; global_colors_info=&#8221;{}&#8221;][et_pb_column type=&#8221;4_4&#8243; _builder_version=&#8221;4.27.4&#8243; _module_preset=&#8221;default&#8221; background_enable_color=&#8221;off&#8221; transform_translate_linked=&#8221;off&#8221; custom_padding=&#8221;30px|30px|30px|30px|true|true&#8221; global_colors_info=&#8221;{}&#8221;][et_pb_text _builder_version=&#8221;4.27.4&#8243; _module_preset=&#8221;default&#8221; global_colors_info=&#8221;{}&#8221;]<\/p>\n<p><strong>Liability for content<br \/><\/strong>The content of our website has been created with the utmost care. However, we cannot assume any liability for the accuracy, completeness and topicality of the content. As a service provider, we are responsible for our own content on these pages in accordance with Section 7 (1) TMG (German Telemedia Act) and general legislation. According to \u00a7\u00a7 8 to 10 TMG, however, we as a service provider are not obliged to monitor transmitted or stored third-party information or to investigate circumstances that indicate illegal activity. Obligations to remove or block the use of information in accordance with general legislation remain unaffected by this. However, liability in this respect is only possible from the time of knowledge of a specific infringement. As soon as we become aware of such infringements, we will remove this content immediately.       <\/p>\n<p><strong>Liability for links<br \/><\/strong>Our website contains links to external third-party websites over whose content we have no influence. Therefore, we cannot accept any liability for this third-party content. The respective provider or operator of the pages is always responsible for the content of the linked pages. The linked pages were checked for possible legal violations at the time of linking. Illegal content was not recognizable at the time of linking. However, permanent monitoring of the content of the linked pages is not reasonable without concrete evidence of an infringement. If we become aware of any legal infringements, we will remove such links immediately.      <\/p>\n<p><strong>Copyright<br \/><\/strong>The content and works created by the site operators on these pages are subject to German copyright law. Duplication, processing, distribution and any form of commercialization of such material beyond the scope of the copyright law shall require the prior written consent of its respective author or creator. Downloads and copies of this site are only permitted for private, non-commercial use. Insofar as the content on this site was not created by the operator, the copyrights of third parties are respected. In particular, third-party content is identified as such. Should you nevertheless become aware of a copyright infringement, please inform us accordingly. If we become aware of any infringements, we will remove such content immediately.      <\/p>\n<p><strong>Data protection<br \/><\/strong>The use of our website is generally possible without providing personal data. Insofar as personal data (e.g. name, address or e-mail addresses) is collected on our pages, this is always done on a voluntary basis as far as possible. This data will not be passed on to third parties without your express consent. We would like to point out that data transmission over the Internet (e.g. when communicating by e-mail) may be subject to security vulnerabilities. Complete protection of data against access by third parties is not possible. We hereby expressly prohibit the use of contact data published within the scope of the imprint obligation by third parties for sending unsolicited advertising and information material. The operators of the website expressly reserve the right to take legal action in the event of the unsolicited sending of advertising information, such as spam e-mails.      <\/p>\n<p>[\/et_pb_text][\/et_pb_column][\/et_pb_row][\/et_pb_section]<\/p>\n","protected":false},"excerpt":{"rendered":"<p>ImprintF. Ad. M\u00fcller S\u00f6hne GmbH &amp; Co. KG Registered office of the company: WiesbadenLocal court: HRA 232 \/ HRB 30782VAT no.: DE 322201274IK no.: 330610495Tax no.: 040 233 01516 ShareholderAnn-Charlotte M\u00fcller-UriYannick M\u00fcller-Uri Managing DirectorYannick M\u00fcller-UriPostal addressF. Ad. M\u00fcller S\u00f6hne Gmbh &amp; Co KGTaunusstrasse 4465183 WiesbadenGermany Phone: +49 611 52 48 64Fax: +49 611 52 72 [&hellip;]<\/p>\n","protected":false},"author":1,"featured_media":0,"parent":0,"menu_order":0,"comment_status":"closed","ping_status":"closed","template":"","meta":{"_et_pb_use_builder":"on","_et_pb_old_content":"","_et_gb_content_width":"","footnotes":""},"class_list":["post-1428","page","type-page","status-publish","hentry"],"_links":{"self":[{"href":"https:\/\/muellersoehne.com\/en\/wp-json\/wp\/v2\/pages\/1428","targetHints":{"allow":["GET"]}}],"collection":[{"href":"https:\/\/muellersoehne.com\/en\/wp-json\/wp\/v2\/pages"}],"about":[{"href":"https:\/\/muellersoehne.com\/en\/wp-json\/wp\/v2\/types\/page"}],"author":[{"embeddable":true,"href":"https:\/\/muellersoehne.com\/en\/wp-json\/wp\/v2\/users\/1"}],"replies":[{"embeddable":true,"href":"https:\/\/muellersoehne.com\/en\/wp-json\/wp\/v2\/comments?post=1428"}],"version-history":[{"count":3,"href":"https:\/\/muellersoehne.com\/en\/wp-json\/wp\/v2\/pages\/1428\/revisions"}],"predecessor-version":[{"id":3320,"href":"https:\/\/muellersoehne.com\/en\/wp-json\/wp\/v2\/pages\/1428\/revisions\/3320"}],"wp:attachment":[{"href":"https:\/\/muellersoehne.com\/en\/wp-json\/wp\/v2\/media?parent=1428"}],"curies":[{"name":"wp","href":"https:\/\/api.w.org\/{rel}","templated":true}]}}