{"id":1886,"date":"2025-02-20T16:40:52","date_gmt":"2025-02-20T15:40:52","guid":{"rendered":"https:\/\/muellersoehne.com\/neem-contact-met-ons-op\/"},"modified":"2025-04-25T15:35:47","modified_gmt":"2025-04-25T13:35:47","slug":"neem-contact-met-ons-op","status":"publish","type":"page","link":"https:\/\/muellersoehne.com\/nl\/neem-contact-met-ons-op\/","title":{"rendered":"Neem contact met ons op"},"content":{"rendered":"<p>[et_pb_section fb_built=&#8221;1&#8243; admin_label=&#8221;Unternehmen&#8221; _builder_version=&#8221;4.27.4&#8243; _module_preset=&#8221;default&#8221; background_enable_color=&#8221;off&#8221; background_enable_image=&#8221;off&#8221; background_position=&#8221;top_right&#8221; background_blend=&#8221;soft-light&#8221; custom_padding=&#8221;0px|||||&#8221; global_colors_info=&#8221;{}&#8221;][et_pb_row _builder_version=&#8221;4.27.4&#8243; _module_preset=&#8221;default&#8221; background_enable_image=&#8221;off&#8221; custom_padding=&#8221;||0px|||&#8221; global_colors_info=&#8221;{}&#8221;][et_pb_column type=&#8221;4_4&#8243; _builder_version=&#8221;4.27.4&#8243; _module_preset=&#8221;default&#8221; background_enable_color=&#8221;off&#8221; transform_translate_linked=&#8221;off&#8221; custom_padding=&#8221;30px|30px|30px|30px|true|true&#8221; global_colors_info=&#8221;{}&#8221;][et_pb_text _builder_version=&#8221;4.27.4&#8243; _module_preset=&#8221;default&#8221; global_colors_info=&#8221;{}&#8221;]<\/p>\n<h1>Neem contact met ons op<\/h1>\n<p>[\/et_pb_text][\/et_pb_column][\/et_pb_row][et_pb_row column_structure=&#8221;1_2,1_2&#8243; _builder_version=&#8221;4.27.4&#8243; _module_preset=&#8221;default&#8221; background_enable_image=&#8221;off&#8221; custom_padding=&#8221;2px|||||&#8221; global_colors_info=&#8221;{}&#8221;][et_pb_column type=&#8221;1_2&#8243; _builder_version=&#8221;4.27.4&#8243; _module_preset=&#8221;default&#8221; background_enable_color=&#8221;off&#8221; transform_translate_linked=&#8221;off&#8221; custom_padding=&#8221;30px|30px|30px|30px|true|true&#8221; global_colors_info=&#8221;{}&#8221;][et_pb_text _builder_version=&#8221;4.27.4&#8243; _module_preset=&#8221;default&#8221; hover_enabled=&#8221;0&#8243; global_colors_info=&#8221;{}&#8221; sticky_enabled=&#8221;0&#8243;]<\/p>\n<h2>Duitsland<\/h2>\n<p><a href=\"https:\/\/www.google.com\/maps\/place\/F.AD.+M%C3%BCller+S%C3%B6hne+GmbH+%26+Co.+KG\/@50.0886981,8.2372926,16z\/data=!3m2!4b1!5s0x47bdbdd7c515d303:0x89b12aec8fec9458!4m6!3m5!1s0x47bdbdd7c59de403:0x16947f24869fc056!8m2!3d50.0886947!4d8.2398675!16s%2Fg%2F1wrtb_07?entry=ttu&amp;g_ep=EgoyMDI1MDIxNy4wIKXMDSoASAFQAw%3D%3D\">F.Ad. M\u00fcller S\u00f6hne GmbH &amp; Co. KG <\/a><br \/><a href=\"https:\/\/www.google.com\/maps\/place\/F.AD.+M%C3%BCller+S%C3%B6hne+GmbH+%26+Co.+KG\/@50.0886981,8.2372926,16z\/data=!3m2!4b1!5s0x47bdbdd7c515d303:0x89b12aec8fec9458!4m6!3m5!1s0x47bdbdd7c59de403:0x16947f24869fc056!8m2!3d50.0886947!4d8.2398675!16s%2Fg%2F1wrtb_07?entry=ttu&amp;g_ep=EgoyMDI1MDIxNy4wIKXMDSoASAFQAw%3D%3D\">Taunusstra\u00dfe 44<\/a><br \/><a href=\"https:\/\/www.google.com\/maps\/place\/F.AD.+M%C3%BCller+S%C3%B6hne+GmbH+%26+Co.+KG\/@50.0886981,8.2372926,16z\/data=!3m2!4b1!5s0x47bdbdd7c515d303:0x89b12aec8fec9458!4m6!3m5!1s0x47bdbdd7c59de403:0x16947f24869fc056!8m2!3d50.0886947!4d8.2398675!16s%2Fg%2F1wrtb_07?entry=ttu&amp;g_ep=EgoyMDI1MDIxNy4wIKXMDSoASAFQAw%3D%3D\">65183 Wiesbaden<\/a><br \/><a href=\"https:\/\/www.google.com\/maps\/place\/F.AD.+M%C3%BCller+S%C3%B6hne+GmbH+%26+Co.+KG\/@50.0886981,8.2372926,16z\/data=!3m2!4b1!5s0x47bdbdd7c515d303:0x89b12aec8fec9458!4m6!3m5!1s0x47bdbdd7c59de403:0x16947f24869fc056!8m2!3d50.0886947!4d8.2398675!16s%2Fg%2F1wrtb_07?entry=ttu&amp;g_ep=EgoyMDI1MDIxNy4wIKXMDSoASAFQAw%3D%3D\">Duitsland<\/a><\/p>\n<p>Telefoon: +49 611 52 48 64<br \/>Fax: +49 611 52 72 85<\/p>\n<p>Wiesbadener Volksbank<br \/>IBAN: DE 70 5109 0000 0000 4497 09<br \/>BIC (Swift-code): WIBA DE 5WXXX<\/p>\n<p>E-mail: <a href=\"javascript:secureDecryptAndNavigate('2TJ3TLBrvz70YooOULQVFLlEt3ZrYArbF4uZ\/2uRureOW\/4KO\/rGNFx90QeaAB2OAgdcXbeM0OBuQN8oxAaTZOo\/XpifqGWs\/W6veT0=', 'c83287fa1d6fca147efc17fe18e2346ae4e5104169827eb259e06ca9393ca0b6')\">i&#110;f&#111;&#64;mue&#108;l&#101;rsoehne.&#99;om<\/a><br \/>www.muellersoehne.com<\/p>\n<p>&nbsp;<\/p>\n<p>[\/et_pb_text][\/et_pb_column][et_pb_column type=&#8221;1_2&#8243; _builder_version=&#8221;4.27.4&#8243; _module_preset=&#8221;default&#8221; background_enable_color=&#8221;off&#8221; transform_translate_linked=&#8221;off&#8221; custom_padding=&#8221;30px|30px|30px|30px|true|true&#8221; global_colors_info=&#8221;{}&#8221;][et_pb_text _builder_version=&#8221;4.27.4&#8243; _module_preset=&#8221;default&#8221; global_colors_info=&#8221;{}&#8221;]<\/p>\n<h2>Zweden<\/h2>\n<p><a href=\"https:\/\/www.google.com\/maps\/search\/F.Ad.M%C3%BCller+S%C3%B6hne+AB+Lommav%C3%A4gen+532+45+62+Hj%C3%A4rup+Sverge\/@55.6704855,13.1299281,15z\/data=!3m1!4b1?entry=ttu&amp;g_ep=EgoyMDI1MDIxNy4wIKXMDSoASAFQAw%3D%3D\">F.Ad.M\u00fcller Zonen AB<\/a><br \/><a href=\"https:\/\/www.google.com\/maps\/search\/F.Ad.M%C3%BCller+S%C3%B6hne+AB+Lommav%C3%A4gen+532+45+62+Hj%C3%A4rup+Sverge\/@55.6704855,13.1299281,15z\/data=!3m1!4b1?entry=ttu&amp;g_ep=EgoyMDI1MDIxNy4wIKXMDSoASAFQAw%3D%3D\">Lommav\u00e4gen 532<\/a><br \/><a href=\"https:\/\/www.google.com\/maps\/search\/F.Ad.M%C3%BCller+S%C3%B6hne+AB+Lommav%C3%A4gen+532+45+62+Hj%C3%A4rup+Sverge\/@55.6704855,13.1299281,15z\/data=!3m1!4b1?entry=ttu&amp;g_ep=EgoyMDI1MDIxNy4wIKXMDSoASAFQAw%3D%3D\">45 62 Hj\u00e4rup<\/a><br \/><a href=\"https:\/\/www.google.com\/maps\/search\/F.Ad.M%C3%BCller+S%C3%B6hne+AB+Lommav%C3%A4gen+532+45+62+Hj%C3%A4rup+Sverge\/@55.6704855,13.1299281,15z\/data=!3m1!4b1?entry=ttu&amp;g_ep=EgoyMDI1MDIxNy4wIKXMDSoASAFQAw%3D%3D\">Sverge<\/a><\/p>\n<p>Telefoon: +46 46-25 01 32<br \/>Fax: +46 46-25 01 32<\/p>\n<p>Plusgiro 45 09 06-3<br \/>Bankgiro 294-8479<\/p>\n<p>E-mail: <a href=\"javascript:secureDecryptAndNavigate('TdSU\/c6w6WSrg0jbvEnobzpwi\/I8sFPR7yMOHak+CjmbgBPsHuBg79ygchOxs+4a3fbKRLzIMMkdSHv9DKzLEbDNpWUmpM1KCs8M', 'c83287fa1d6fca147efc17fe18e2346ae4e5104169827eb259e06ca9393ca0b6')\">i&#110;fo&#64;&#109;&#117;e&#108;l&#101;rs&#111;hne&#46;se<\/a><br \/>www.muellersohne.se<\/p>\n<p>[\/et_pb_text][\/et_pb_column][\/et_pb_row][\/et_pb_section]<\/p>\n","protected":false},"excerpt":{"rendered":"<p>Neem contact met ons opDuitsland F.Ad. M\u00fcller S\u00f6hne GmbH &amp; Co. KG Taunusstra\u00dfe 4465183 WiesbadenDuitsland Telefoon: +49 611 52 48 64Fax: +49 611 52 72 85 Wiesbadener VolksbankIBAN: DE 70 5109 0000 0000 4497 09BIC (Swift-code): WIBA DE 5WXXX E-mail: <a href=\"javascript:secureDecryptAndNavigate('cFXWcpyqqvfJ74iCO0WaCghZf786QYexOpO09NdFjWR+5mQcNxVV\/5BZ3+jZ7bwuoVgLYTmJBNFhGNb7VUczx7l1E7abUQ5fjuVQiAhZq8SGtzlGAvThVVSliOP72twufiw=', 'c83287fa1d6fca147efc17fe18e2346ae4e5104169827eb259e06ca9393ca0b6')\">i&#110;f&#111;&#64;&#109;ue&#108;l&#101;r&#115;o&#101;&#104;n&#101;&#46;&#99;&#111;m&#119;&#119;&#119;&#46;m&#117;&#101;l&#108;&#101;&#114;s&#111;eh&#110;e.co&#109;<\/a> &nbsp;Zweden F.Ad.M\u00fcller Zonen ABLommav\u00e4gen 53245 62 Hj\u00e4rupSverge Telefoon: +46 46-25 01 32Fax: +46 46-25 [&hellip;]<\/p>\n","protected":false},"author":1,"featured_media":0,"parent":0,"menu_order":0,"comment_status":"closed","ping_status":"closed","template":"","meta":{"_et_pb_use_builder":"on","_et_pb_old_content":"","_et_gb_content_width":"","footnotes":""},"class_list":["post-1886","page","type-page","status-publish","hentry"],"_links":{"self":[{"href":"https:\/\/muellersoehne.com\/nl\/wp-json\/wp\/v2\/pages\/1886","targetHints":{"allow":["GET"]}}],"collection":[{"href":"https:\/\/muellersoehne.com\/nl\/wp-json\/wp\/v2\/pages"}],"about":[{"href":"https:\/\/muellersoehne.com\/nl\/wp-json\/wp\/v2\/types\/page"}],"author":[{"embeddable":true,"href":"https:\/\/muellersoehne.com\/nl\/wp-json\/wp\/v2\/users\/1"}],"replies":[{"embeddable":true,"href":"https:\/\/muellersoehne.com\/nl\/wp-json\/wp\/v2\/comments?post=1886"}],"version-history":[{"count":0,"href":"https:\/\/muellersoehne.com\/nl\/wp-json\/wp\/v2\/pages\/1886\/revisions"}],"wp:attachment":[{"href":"https:\/\/muellersoehne.com\/nl\/wp-json\/wp\/v2\/media?parent=1886"}],"curies":[{"name":"wp","href":"https:\/\/api.w.org\/{rel}","templated":true}]}}